{"id":200,"date":"2025-09-21T07:50:13","date_gmt":"2025-09-21T07:50:13","guid":{"rendered":"https:\/\/cujbic.ro\/?page_id=200"},"modified":"2025-09-21T08:05:26","modified_gmt":"2025-09-21T08:05:26","slug":"via-bacovia-trail-editia-a-doua-2025","status":"publish","type":"page","link":"https:\/\/cujbic.ro\/","title":{"rendered":"Via Bacovia Trail edi\u021bia a doua, 2025!"},"content":{"rendered":"\n<figure class=\"wp-block-embed\"><div class=\"wp-block-embed__wrapper\">\nhttps:\/\/www.facebook.com\/share\/p\/1QBqaGAyxa\n<\/div><\/figure>\n\n\n\n<p>Voluntar la Via Bacovia Trail \u00een a\u0219teptarea alerg\u0103torilor la Capela Calvar,Logo Via Bacovia creat de Ronin Graphic Designs fotograf voluntar la Capela Ghert!<\/p>\n\n\n\n<p>Mul\u021bumiri organizatorilor, partenerilor, voluntarilor, sponsorilor, participan\u021bilor, autorit\u0103\u021bilor, tuturor care au f\u0103cut nu numai posibil\u0103 dar \u0219i frumoas\u0103 aceast\u0103 competi\u021bie. \u0218i, nu \u00een ultimul r\u00e2nd, comunit\u0103\u021bii locale, prin grija c\u0103reia s-au cl\u0103dit \u0219i p\u0103strat aceste capele-simbol pe dealurile bacoviene.<\/p>\n\n\n\n<p>\ud83d\ude4f Via Bacovia Trail nu este doar o competi\u021bie ci \u0219i o lec\u021bie care ne \u00eenva\u021b\u0103 c\u0103 doar \u00eempreun\u0103, cu dedica\u021bie, respect \u0219i bucurie putem realiza lucruri frumoase.G\u00e2nduri bune tuturor!<\/p>\n\n\n\n<p>Foto: Iulian Vimp<\/p>\n\n\n\n<figure class=\"wp-block-image size-large\"><img loading=\"lazy\" decoding=\"async\" width=\"1024\" height=\"670\" src=\"https:\/\/cujbic.ro\/wp-content\/uploads\/2025\/09\/FB_IMG_1758434188375-1024x670.jpg\" alt=\"\" class=\"wp-image-204\" srcset=\"https:\/\/cujbic.ro\/wp-content\/uploads\/2025\/09\/FB_IMG_1758434188375-1024x670.jpg 1024w, https:\/\/cujbic.ro\/wp-content\/uploads\/2025\/09\/FB_IMG_1758434188375-300x196.jpg 300w, https:\/\/cujbic.ro\/wp-content\/uploads\/2025\/09\/FB_IMG_1758434188375-768x503.jpg 768w, https:\/\/cujbic.ro\/wp-content\/uploads\/2025\/09\/FB_IMG_1758434188375-1536x1005.jpg 1536w, https:\/\/cujbic.ro\/wp-content\/uploads\/2025\/09\/FB_IMG_1758434188375.jpg 2048w\" sizes=\"auto, (max-width: 767px) 89vw, (max-width: 1000px) 54vw, (max-width: 1071px) 543px, 580px\" \/><\/figure>\n","protected":false},"excerpt":{"rendered":"<p>Voluntar la Via Bacovia Trail \u00een a\u0219teptarea alerg\u0103torilor la Capela Calvar,Logo Via Bacovia creat de Ronin Graphic Designs fotograf voluntar la Capela Ghert! Mul\u021bumiri organizatorilor, partenerilor, voluntarilor, sponsorilor, participan\u021bilor, autorit\u0103\u021bilor, tuturor care au f\u0103cut nu numai posibil\u0103 dar \u0219i frumoas\u0103 aceast\u0103 competi\u021bie. \u0218i, nu \u00een ultimul r\u00e2nd, comunit\u0103\u021bii locale, prin grija c\u0103reia s-au cl\u0103dit \u0219i &hellip; <\/p>\n<p class=\"link-more\"><a href=\"https:\/\/cujbic.ro\/\" class=\"more-link\">Continu\u0103 lectura<span class=\"screen-reader-text\"> \u201eVia Bacovia Trail edi\u021bia a doua, 2025!\u201d<\/span><\/a><\/p>\n","protected":false},"author":1,"featured_media":206,"parent":0,"menu_order":1,"comment_status":"closed","ping_status":"closed","template":"","meta":{"footnotes":""},"class_list":["post-200","page","type-page","status-publish","has-post-thumbnail","hentry"],"_links":{"self":[{"href":"https:\/\/cujbic.ro\/index.php\/wp-json\/wp\/v2\/pages\/200","targetHints":{"allow":["GET"]}}],"collection":[{"href":"https:\/\/cujbic.ro\/index.php\/wp-json\/wp\/v2\/pages"}],"about":[{"href":"https:\/\/cujbic.ro\/index.php\/wp-json\/wp\/v2\/types\/page"}],"author":[{"embeddable":true,"href":"https:\/\/cujbic.ro\/index.php\/wp-json\/wp\/v2\/users\/1"}],"replies":[{"embeddable":true,"href":"https:\/\/cujbic.ro\/index.php\/wp-json\/wp\/v2\/comments?post=200"}],"version-history":[{"count":4,"href":"https:\/\/cujbic.ro\/index.php\/wp-json\/wp\/v2\/pages\/200\/revisions"}],"predecessor-version":[{"id":209,"href":"https:\/\/cujbic.ro\/index.php\/wp-json\/wp\/v2\/pages\/200\/revisions\/209"}],"wp:featuredmedia":[{"embeddable":true,"href":"https:\/\/cujbic.ro\/index.php\/wp-json\/wp\/v2\/media\/206"}],"wp:attachment":[{"href":"https:\/\/cujbic.ro\/index.php\/wp-json\/wp\/v2\/media?parent=200"}],"curies":[{"name":"wp","href":"https:\/\/api.w.org\/{rel}","templated":true}]}}